{"id":1169,"date":"2021-07-07T15:01:59","date_gmt":"2021-07-07T13:01:59","guid":{"rendered":"https:\/\/maynats.org\/?page_id=1169"},"modified":"2022-05-06T16:23:20","modified_gmt":"2022-05-06T14:23:20","slug":"partenaires","status":"publish","type":"page","link":"https:\/\/maynats.org\/?page_id=1169","title":{"rendered":"Partenaires"},"content":{"rendered":"\n<h2 class=\"wp-block-heading\">L&rsquo;Association de Maynats remercie l&rsquo;ensemble de ses partenaires qui contribuent depuis plus de 20 ans \u00e0 ce que les festivals, les Randonn\u00e9es \u00e0 petits pas, l&rsquo;ensemble des clins d&rsquo;\u0153il et les r\u00e9sidences puissent avoir lieu.<\/h2>\n\n\n\n<h2 class=\"has-text-align-center wp-block-heading\">Partenaires publics 2022<\/h2>\n\n\n\n<p class=\"has-text-align-center\"><strong> \u00a0Merci \u00e0 eux !!<\/strong><\/p>\n\n\n\n<figure class=\"wp-block-table\"><table><tbody><tr><td class=\"has-text-align-center\" data-align=\"center\">Communaut\u00e9 de Commune HAUTE BIGORRE<\/td><\/tr><tr><td class=\"has-text-align-center\" data-align=\"center\">DEPARTEMENT 65<\/td><\/tr><tr><td class=\"has-text-align-center\" data-align=\"center\">ETAT \u2013 FDVA<\/td><\/tr><tr><td class=\"has-text-align-center\" data-align=\"center\">Ville de BAGNERES de BIGORRE<\/td><\/tr><tr><td class=\"has-text-align-center\" data-align=\"center\">Commune de CAMPAN<\/td><\/tr><tr><td class=\"has-text-align-center\" data-align=\"center\">R\u00e9seau En Rue Libre \u2013 Occitanie<\/td><\/tr><tr><td class=\"has-text-align-center\" data-align=\"center\">Programme LEADER- Europe<\/td><\/tr><tr><td class=\"has-text-align-center\" data-align=\"center\">Commune de Pouzac<\/td><\/tr><tr><td class=\"has-text-align-center\" data-align=\"center\">Commune de M\u00e9rilheu<\/td><\/tr><tr><td class=\"has-text-align-center\" data-align=\"center\">R\u00e9gion Occitanie<\/td><\/tr><\/tbody><\/table><\/figure>\n\n\n\n<p>    <\/p>\n\n\n\n<h2 class=\"has-text-align-center wp-block-heading\">Partenaires priv\u00e9s 2022<\/h2>\n\n\n\n<p class=\"has-text-align-center\"><strong>MERCI \u00e0 vous TOUS, nos chers partenaires 2021<\/strong> !<\/p>\n\n\n\n<p class=\"has-text-align-center\">ADOUR de Fleur<br>Armati\u00e8re<br>Assiette de Juliette<br>ATELIER DE CHARLINE (CHARLINE COIFFURE)<br>ATOLL<br>AU POTAGER DU HAUT ADOUR (SAS DOGO)<br>AUTHENTIC SAVEUR<br>Bar l&rsquo;Europe<br>BARTA peintre<br>BCS<br>BELISSIMA<br>BER AUTO ECOLE<br>Bertranne Sport<br>BESSON MARC &#8211; AUPRES DE PYRENE<br>BIOCOOP BRIC A VRAC<br>BOIS ADOUR<br>BOTELLA<br>BOUCHERIE RAMI<br>BOUCHERIE SANCHO<br>Boulagerie Aroztegui<br>BOULANGERIE IG<br>BOULANGERIE MENGELLE<br>BOUTIQUE EX EQUO<br>Brumacaron<br>Caf\u00e9 PELLIZZARI<br>CAMPING au pied du B\u00e9dat<br>CAPARROI MOREIRA<br>CASA HET<br>CENTRE EQUESTRE<br>Charcuterie Jerome D<br>Charlie Jolie<br>Chat Ronfleur<br>Chez Jules (coiffure)<br>Chez Laurence<br>Chocolat Noir et Blanc<br>CHRISTOPHE COIFFURE<br>CORINE COIFFURE<br>Caf\u00e9 des Coustous<br>CREDIT MUTUEL<br>DEKRA contr\u00f4le auto<br>DOG Bigorre<br>DUO COIFFURE<br>Effet plume<br>El Kartel (tatouage)<br>Elodie Coiffure<br>ELVIRA CHAUSSURES<br>Francoise coiffure<br>FROMAGES NEBOUT<br>GAN<br>Garage Citroen<br>Garage Peugeot<br>GENERIQUE (SARL les pitchouns)<br>Golf de Bigorre<br>Grain de folie esth\u00e9tique<br>GUILLAUME 1 LESGARDS (LES PETITS FRUITS)<br>Halle a fish<br>Hotel St vincent<br>Intermarch\u00e9<br>KAKEMOKI<br>La chevrerie du Camps de C\u00e9sar<br>La galerie du chanvre<br>la table du 5<br>La tete en friche<br>LAGUERRE<br>Le Begorra<br>Le CAVIN<br>L\u00e9gumes chez Babeth<br>LLACH YVES<br>MAIF<br>Marion Valentino<br>MARINA L COIFF<br>MENUISERIE FILBET<br>MENUISERIE MJ BSF<br>Mondes et merveilles<br>MU CERAMIQUE<br>Niolet meuble<br>O2C<br>Optic 2000<br>OPTIQUE GRANGER<br>Orange bleue<br>PANIER GOURMAND<br>Parfumerie de Paris<br>PATRICIA FLEURS<br>Pause Caf\u00e9<br>Pharmacie Dall\u00e9s<br>Pizerika<br>Pompes fun\u00e8bres Peluhet sarram\u00e9a<br>RESTAURANT LA CANTINE<br>SARL AU PIC GOURMAND<br>SARL Axel<br>SARL MANSE<br>SARL MOUNIC P<br>SARL THEO &#8211; BOULANGERIE<br>SILIGOM PNEU (PNEU SERVICE)<br>SPORT 2000<br>Tabac Disque bleu (BB)<br>La courte \u00e9chelle<br>Thai des halles<br>Villa Bonvouloir<\/p>\n","protected":false},"excerpt":{"rendered":"<p>L&rsquo;Association de Maynats remercie l&rsquo;ensemble de ses partenaires qui contribuent depuis plus de 20 ans \u00e0 ce que les festivals,&#8230;<\/p>\n","protected":false},"author":1,"featured_media":0,"parent":0,"menu_order":0,"comment_status":"closed","ping_status":"closed","template":"","meta":{"footnotes":""},"class_list":["post-1169","page","type-page","status-publish","hentry"],"_links":{"self":[{"href":"https:\/\/maynats.org\/index.php?rest_route=\/wp\/v2\/pages\/1169","targetHints":{"allow":["GET"]}}],"collection":[{"href":"https:\/\/maynats.org\/index.php?rest_route=\/wp\/v2\/pages"}],"about":[{"href":"https:\/\/maynats.org\/index.php?rest_route=\/wp\/v2\/types\/page"}],"author":[{"embeddable":true,"href":"https:\/\/maynats.org\/index.php?rest_route=\/wp\/v2\/users\/1"}],"replies":[{"embeddable":true,"href":"https:\/\/maynats.org\/index.php?rest_route=%2Fwp%2Fv2%2Fcomments&post=1169"}],"version-history":[{"count":5,"href":"https:\/\/maynats.org\/index.php?rest_route=\/wp\/v2\/pages\/1169\/revisions"}],"predecessor-version":[{"id":1345,"href":"https:\/\/maynats.org\/index.php?rest_route=\/wp\/v2\/pages\/1169\/revisions\/1345"}],"wp:attachment":[{"href":"https:\/\/maynats.org\/index.php?rest_route=%2Fwp%2Fv2%2Fmedia&parent=1169"}],"curies":[{"name":"wp","href":"https:\/\/api.w.org\/{rel}","templated":true}]}}