{"id":39,"date":"2017-10-11T11:11:27","date_gmt":"2017-10-11T09:11:27","guid":{"rendered":"http:\/\/maynats.org\/?page_id=39"},"modified":"2022-05-06T16:26:41","modified_gmt":"2022-05-06T14:26:41","slug":"clins-doeil","status":"publish","type":"page","link":"https:\/\/maynats.org\/?page_id=39","title":{"rendered":"Clins d&rsquo;oeil : Escales d&rsquo;automne"},"content":{"rendered":"\n<div class=\"wp-block-image is-style-default\"><figure class=\"aligncenter size-large is-resized\"><img loading=\"lazy\" decoding=\"async\" src=\"https:\/\/maynats.org\/wp-content\/uploads\/2022\/05\/1_Clins-1-1024x511.jpg\" alt=\"\" class=\"wp-image-1346\" width=\"256\" height=\"128\" srcset=\"https:\/\/maynats.org\/wp-content\/uploads\/2022\/05\/1_Clins-1-1024x511.jpg 1024w, https:\/\/maynats.org\/wp-content\/uploads\/2022\/05\/1_Clins-1-300x150.jpg 300w, https:\/\/maynats.org\/wp-content\/uploads\/2022\/05\/1_Clins-1-768x383.jpg 768w, https:\/\/maynats.org\/wp-content\/uploads\/2022\/05\/1_Clins-1.jpg 1416w\" sizes=\"auto, (max-width: 256px) 100vw, 256px\" \/><\/figure><\/div>\n\n\n\n<h2 class=\"wp-block-heading\"><strong>Escale d&rsquo;automne  2021<\/strong><\/h2>\n\n\n\n<h3 class=\"has-text-align-center wp-block-heading\"><strong>en partenariat avec le Conseil D\u00e9partemental<br>nous vous pr\u00e9sentons<br>LE BLUTACK THE\u00c2TRE dans<br>ZA\u00cf ZA\u00cf ZA\u00cf ZA\u00cf<\/strong><\/h3>\n\n\n\n<h3 class=\"has-text-align-center wp-block-heading\"><strong>A Campan \u00e0 la  salle Ar\u00e8ne Cuill\u00e9<\/strong><br><strong>le Samedi 13 novembre 2021 \u00e0 20h30 et le Dimanche 14 novembre \u00e0 17h00<\/strong><\/h3>\n\n\n\n<div class=\"wp-block-image\"><figure class=\"aligncenter size-full\"><img loading=\"lazy\" decoding=\"async\" width=\"267\" height=\"414\" src=\"https:\/\/maynats.org\/wp-content\/uploads\/2021\/10\/image.png\" alt=\"\" class=\"wp-image-1189\" srcset=\"https:\/\/maynats.org\/wp-content\/uploads\/2021\/10\/image.png 267w, https:\/\/maynats.org\/wp-content\/uploads\/2021\/10\/image-193x300.png 193w\" sizes=\"auto, (max-width: 267px) 100vw, 267px\" \/><figcaption>Un auteur de bande dessin\u00e9e, alors qu\u2019il fait ses courses, r\u00e9alise qu\u2019il n\u2019a pas sa carte de fid\u00e9lit\u00e9 sur lui. La caissi\u00e8re appelle le vigile, mais quand celui-ci arrive, l\u2019auteur le menace et parvient \u00e0 s\u2019enfuir. La police est alert\u00e9e, s\u2019engage alors une traque sans merci, le fugitif traversant la r\u00e9gion, en stop, battant la campagne, partag\u00e9 entre remord et questions existentielles. Assez vite les m\u00e9dias s\u2019emparent de l\u2019affaire et le pays est en<br>\u00e9moi. L\u2019histoire du fugitif est sur toutes les l\u00e8vres et divise la soci\u00e9t\u00e9, entre psychose et volont\u00e9 d\u2019engagement, entre compassion et id\u00e9es fascisantes. Car finalement on conna\u00eet mal l\u2019auteur de BD, il pourrait tr\u00e8s bien constituer une menace pour l\u2019ensemble de la soci\u00e9t\u00e9. Entre road movie et fait divers, l\u2019auteur fait surgir autour de son personnage en fuite, toutes les figures marquantes et concern\u00e9es de la soci\u00e9t\u00e9 (famille, m\u00e9dias, police, voisinage\u2026) et l\u2019on reste sans voix face \u00e0 ce d\u00e9ferlement de r\u00e9actions improbables ou, au contraire, bien trop pr\u00e9visibles<\/figcaption><\/figure><\/div>\n\n\n\n<h2 class=\"wp-block-heading\"><strong>Escale d&rsquo;automne  2020<\/strong><\/h2>\n\n\n\n<h2 class=\"wp-block-heading\">Le couperet est tomb\u00e9. <\/h2>\n\n\n\n<h2 class=\"wp-block-heading\">La mort dans l&rsquo;\u00e2me nous c\u00e9dons devant le virus. Nous en sommes sinc\u00e8rement d\u00e9sol\u00e9s, mais le nouveau confinement nous oblige \u00e0 annuler le spectacle \u00ab kumulunimbu \u00bb. Il sera, dans la mesure du possible, report\u00e9 en 2021.<\/h2>\n\n\n\n<h2 class=\"wp-block-heading\">Par les temps et les petites b\u00eates qui courent c&rsquo;est \u00e0 peine si nous osons vous donner rendez-vous le 13 f\u00e9vrier \u00e0 la halle aux grains de Bagn\u00e8res pour un superbe spectacle du clan des songes \u00ab Arrivederci\u00bb.<\/h2>\n\n\n\n<figure class=\"wp-block-image size-large is-style-rounded\"><img loading=\"lazy\" decoding=\"async\" width=\"500\" height=\"354\" src=\"https:\/\/maynats.org\/wp-content\/uploads\/2020\/11\/123696326_1952548151551914_8355046601443437096_n.jpg\" alt=\"\" class=\"wp-image-1114\" srcset=\"https:\/\/maynats.org\/wp-content\/uploads\/2020\/11\/123696326_1952548151551914_8355046601443437096_n.jpg 500w, https:\/\/maynats.org\/wp-content\/uploads\/2020\/11\/123696326_1952548151551914_8355046601443437096_n-300x212.jpg 300w\" sizes=\"auto, (max-width: 500px) 100vw, 500px\" \/><\/figure>\n\n\n\n<h2 class=\"wp-block-heading\">En attendant et pour quand m\u00eame partager un petit quelque chose, trois citations, trois mati\u00e8res \u00e0 r\u00e9flexion, qui r\u00e9pondent aux trag\u00e9dies de notre actualit\u00e9.<\/h2>\n\n\n\n<h2 class=\"wp-block-heading\">\u00ab Tout ce qui d\u00e9grade la culture, raccourcit le chemin qui m\u00e8ne \u00e0 la servitude \u00bb Albert Camus<\/h2>\n\n\n\n<h2 class=\"wp-block-heading\">\u00ab La culture est comme une salade de fruits. Il lui faut des fruits de toutes les origines \u00bb. Azouz Hac\u00e8ne<\/h2>\n\n\n\n<h2 class=\"wp-block-heading\">\u00ab Au c\u0153ur de la culture Internet se terre une force qui entend tout apprendre de vous \u00bb. Andrew Grove<\/h2>\n\n\n\n<h2 class=\"wp-block-heading\">Prenez grand soin de vous, on compte bien vous retrouver l&rsquo;an prochain dans une salle des f\u00eates, un coin de rue, ou un d\u00e9tour du chemin.<\/h2>\n\n\n\n<h2 class=\"has-text-align-center wp-block-heading\"><strong>KUMULUNIMBU par la Cia ORTIGA<br>Interpr\u00e8tes : Guillem G\u00e9ron\u00e8s, Marc Selles<\/strong><\/h2>\n\n\n\n<figure class=\"wp-block-image size-large\"><img loading=\"lazy\" decoding=\"async\" width=\"633\" height=\"422\" src=\"https:\/\/maynats.org\/wp-content\/uploads\/2020\/10\/kummino.jpg\" alt=\"\" class=\"wp-image-1107\" srcset=\"https:\/\/maynats.org\/wp-content\/uploads\/2020\/10\/kummino.jpg 633w, https:\/\/maynats.org\/wp-content\/uploads\/2020\/10\/kummino-300x200.jpg 300w\" sizes=\"auto, (max-width: 633px) 100vw, 633px\" \/><\/figure>\n\n\n\n<h1 class=\"has-text-align-center wp-block-heading\"><strong>Salle des f\u00eates de Campan<br>le samedi 14 novembre \u00e0 15h00 et 18h00<br>le dimanche 15 novembre \u00e0 15h00 et 18h00<br><\/strong>Attention ! jauge limit\u00e9e \u00e0 50 places<br>Plein tarif 8\u20ac        tarif r\u00e9duit 5\u20ac*<\/h1>\n\n\n\n<h2 class=\"has-text-align-center wp-block-heading\">A partir de 6 ans.         Dur\u00e9e : 45 mn<br>Plein tarif 8\u20ac                  tarif r\u00e9duit 5\u20ac<\/h2>\n\n\n\n<h3 class=\"has-text-align-center wp-block-heading\"><strong>Attention ! jauge limit\u00e9e \u00e0 50 places<\/strong><\/h3>\n\n\n\n<p>Kumulunimbu est une histoire d&rsquo;amiti\u00e9 entre une petite fille et un nuage., ils jouent et<br>prennent bien soin l&rsquo;un de l&rsquo;autre. Mais un jour le petit nuage ne revient pas, il ne lui apporte<br>plus l&rsquo;eau indispensable, alors, pour survivre, la petite fille part \u00e0 sa recherche\u2026<br>Avec beaucoup de po\u00e9sie et une grande tendresse, ce spectacle nous parle de l&rsquo;immigration. Il<br>est un hommage \u00e0 tous ceux qui ont fait, sont en train, ou vont faire le long chemin de la<br>survie\u2026<br>Touchant, mais jamais mi\u00e8vre, il \u00e9voque tous ceux qui, chass\u00e9s par la mis\u00e8re, la guerre et le<br>pillage forcen\u00e9 de leurs ressources naturelles, partent et affrontent l&rsquo;impossible, sans cesser de<br>croire au futur.<br>Alliant le clown et la marionnette, kumulunimbu fascine les enfants et \u00e9meut profond\u00e9ment les<br>adultes.<\/p>\n\n\n<div class=\"entry-content\">\n<h3><img loading=\"lazy\" decoding=\"async\" class=\"size-medium wp-image-560 aligncenter\" src=\"https:\/\/maynats.org\/wp-content\/uploads\/2018\/11\/capture_decran_2018-10-08_a_17.36.28-144x300.png\" alt=\"\" width=\"144\" height=\"300\" srcset=\"https:\/\/maynats.org\/wp-content\/uploads\/2018\/11\/capture_decran_2018-10-08_a_17.36.28-144x300.png 144w, https:\/\/maynats.org\/wp-content\/uploads\/2018\/11\/capture_decran_2018-10-08_a_17.36.28-490x1024.png 490w, https:\/\/maynats.org\/wp-content\/uploads\/2018\/11\/capture_decran_2018-10-08_a_17.36.28.png 555w\" sizes=\"auto, (max-width: 144px) 100vw, 144px\" \/><\/h3>\n<h1>Escale d&rsquo;automne 2019<\/h1>\n<h1>Samedi 2 novembre 2019 \u00e0 20h30<\/h1>\n<h1>Dimanche 3 novembre 2019 \u00e0 17h<\/h1>\n<h1>salle des f\u00eates de CIEUTAT<\/h1>\n<p>par<a href=\"https:\/\/maynats.org\/_wp_link_placeholder\">&nbsp;le POCKET Th\u00e9\u00e2tre<\/a><\/p>\n<h1>\u00ab Jean Pierre, lui, moi. \u00bb<\/h1>\n<\/div>\n<p><img loading=\"lazy\" decoding=\"async\" class=\"alignnone size-medium wp-image-674\" src=\"https:\/\/maynats.org\/wp-content\/uploads\/2019\/06\/Jean-Pierre-Lui-Moi-01-\u00a9-Helene-Dodet-300x200.jpg\" alt=\"\" width=\"300\" height=\"200\" srcset=\"https:\/\/maynats.org\/wp-content\/uploads\/2019\/06\/Jean-Pierre-Lui-Moi-01-\u00a9-Helene-Dodet-300x200.jpg 300w, https:\/\/maynats.org\/wp-content\/uploads\/2019\/06\/Jean-Pierre-Lui-Moi-01-\u00a9-Helene-Dodet-768x512.jpg 768w, https:\/\/maynats.org\/wp-content\/uploads\/2019\/06\/Jean-Pierre-Lui-Moi-01-\u00a9-Helene-Dodet-1024x683.jpg 1024w\" sizes=\"auto, (max-width: 300px) 100vw, 300px\" \/><\/p>\n<h2 style=\"text-align: center;\">Dans le cadre des \u00ab\u00a0Rendez-vous en famille\u00a0\u00bb<\/h2>\n<h1 style=\"text-align: center;\">Lundi 15 Juillet 2019 \u00e0 21 h<\/h1>\n<h1 style=\"text-align: center;\">Campan (le bourg)<\/h1>\n<h1 style=\"text-align: center;\">et<\/h1>\n<h1 style=\"text-align: center;\">Mardi 16 juillet \u00e0 21h<\/h1>\n<h1 style=\"text-align: center;\">Ste Marie de Campan<\/h1>\n<p style=\"text-align: center;\"><strong><a href=\"http:\/\/www.ciemondeapart.com\/les-freres-loko.html\">La Compagnie Monde \u00e0 Part<\/a> pr\u00e9sente<\/strong><\/p>\n<h1 style=\"text-align: center;\">CYCL\u2019LOKO<\/h1>\n<p style=\"text-align: center;\">-La grande c\u00e9r\u00e9monie-<\/p>\n<p><img loading=\"lazy\" decoding=\"async\" class=\"alignnone size-medium wp-image-671 aligncenter\" src=\"https:\/\/maynats.org\/wp-content\/uploads\/2019\/06\/cyclloko-300x200.jpg\" alt=\"\" width=\"300\" height=\"200\" srcset=\"https:\/\/maynats.org\/wp-content\/uploads\/2019\/06\/cyclloko-300x200.jpg 300w, https:\/\/maynats.org\/wp-content\/uploads\/2019\/06\/cyclloko-768x512.jpg 768w, https:\/\/maynats.org\/wp-content\/uploads\/2019\/06\/cyclloko-1024x683.jpg 1024w\" sizes=\"auto, (max-width: 300px) 100vw, 300px\" \/><\/p>\n<p>Depuis la mort de leur grand-p\u00e8re, Raymond et Victoire organisent des<br>c\u00e9r\u00e9monies pour c\u00e9l\u00e9brer sa carri\u00e8re et son palmar\u00e8s. Ensemble ils rejouent<br>les courses de leur a\u00efeul des plus c\u00e9l\u00e8bres \u201cclassiques\u201d \u00e0 la Grande Boucle \u2013 et<br>tentent ainsi de r\u00e9parer une histoire familiale caboss\u00e9e !<br>Un hommage qui nous emm\u00e8ne dans un univers tout \u00e0 la fois tendre, baroque,<br>nostalgique et d\u00e9jant\u00e9 !<br>Un spectacle \u00e0 la fronti\u00e8re du conte, du th\u00e9\u00e2tre de rue et de la \u2018\u2019bidouille\u2019\u2019<br>manipul\u00e9e ! Embarquement assur\u00e9 pour le meilleur et pour le pire dans une<br>\u00e9pop\u00e9e sportive d\u2019un homme qui a tout \u2018\u2019presque failli gagner\u2019\u2019.<\/p>\n<h3><img loading=\"lazy\" decoding=\"async\" class=\"size-medium wp-image-560 aligncenter\" src=\"https:\/\/maynats.org\/wp-content\/uploads\/2018\/11\/capture_decran_2018-10-08_a_17.36.28-144x300.png\" alt=\"\" width=\"144\" height=\"300\" srcset=\"https:\/\/maynats.org\/wp-content\/uploads\/2018\/11\/capture_decran_2018-10-08_a_17.36.28-144x300.png 144w, https:\/\/maynats.org\/wp-content\/uploads\/2018\/11\/capture_decran_2018-10-08_a_17.36.28-490x1024.png 490w, https:\/\/maynats.org\/wp-content\/uploads\/2018\/11\/capture_decran_2018-10-08_a_17.36.28.png 555w\" sizes=\"auto, (max-width: 144px) 100vw, 144px\" \/><\/h3>\n<h3>Les \u00ab\u00a0Rendez-vous en famille\u00a0\u00bb s&rsquo;adressent aux habitants du territoire Plaines et Vall\u00e9es de Bigorre en leur donnant acc\u00e8s \u00e0 une saison culturelle de proximit\u00e9 tout au long de l&rsquo;ann\u00e9e. Le contenu de cette programmation a \u00e9t\u00e9 pens\u00e9 afin de permettre aux enfants d\u00e8s leur plus jeune \u00e2ge, ainsi qu&rsquo;\u00e0 leurs familles de d\u00e9couvrir des spectacles pluridisciplinaires dans des lieux culturels pr\u00e9sents sur le territoire.<\/h3>\n<p>Demandez le programme !&nbsp;<a href=\"https:\/\/maynats.org\/wp-content\/uploads\/2018\/11\/LIVRET_rendez-vous_en_famille_WEB-1.pdf\">Rendez-vous en famille<\/a><\/p>\n<h2>&#8212;&#8212;&#8212;&#8212;&#8212;&#8212;&#8212;&#8212;&#8212;&#8212;&#8212;&#8212;&#8212;&#8212;&#8212;&#8212;&#8212;&#8212;&#8212;&#8212;&#8211;<\/h2>\n<h2>Dans le cadre des escale d&rsquo;automne 2019<\/h2>\n<h1 style=\"text-align: center;\">Samedi 2 novembre \u00e0 20h30<\/h1>\n<h1 style=\"text-align: center;\">Dimanche 3 novembre \u00e0 17h<\/h1>\n<h1 style=\"text-align: center;\">salle des f\u00eates de CIEUTAT<\/h1>\n<p style=\"text-align: center;\">par<a href=\"_wp_link_placeholder\" data-wplink-edit=\"true\"> le POCKET Th\u00e9\u00e2tre<\/a><\/p>\n<h1 style=\"text-align: center;\">\u00ab Jean Pierre, lui, moi. \u00bb<\/h1>\n<p><img loading=\"lazy\" decoding=\"async\" class=\"size-medium wp-image-676 aligncenter\" src=\"https:\/\/maynats.org\/wp-content\/uploads\/2019\/06\/Jean-Pierre-Lui-Moi-01-\u00a9-Helene-Dodet-1-300x200.jpg\" alt=\"\" width=\"300\" height=\"200\"><\/p>\n<p>\u00ab En r\u00e9f\u00e9rence \u00e0 ce fr\u00e8re extraordinaire qui a marqu\u00e9 sa vie, Jean-Pierre, Lui, Moi est une prise de parole in\u00e9dite, loufoque et th\u00e9\u00e2trale sur le handicap. Dans cette travers\u00e9e intime, le com\u00e9dien navigue entre r\u00e9alit\u00e9 et fiction, incarnant sa galerie de personnages. Il nous fait traverser tout un panel de situations farfelues, tendres ou injustes. Passant de l\u2019annonce du handicap aux parents \u00e0 une f\u00eate d\u2019anniversaire au foyer o\u00f9 vit son fr\u00e8re, du regard des amis \u00e0 des moments d\u2019intimit\u00e9 fraternelle, il aborde ce sujet sensible avec un m\u00e9lange d\u00e9tonant d\u2019humour brut, de d\u00e9licatesse et de profonde pudeur. \u00bb<\/p>\n<p><img loading=\"lazy\" decoding=\"async\" class=\"wp-image-350 size-thumbnail aligncenter\" src=\"https:\/\/maynats.org\/wp-content\/uploads\/2018\/01\/logo-page-001-e1540894312265-150x150.jpg\" alt=\"\" width=\"150\" height=\"150\"><\/p>\n\n\n<p><\/p>\n\n\n\n<h2 class=\"wp-block-heading\"><\/h2>\n","protected":false},"excerpt":{"rendered":"<p>Escale d&rsquo;automne 2021 en partenariat avec le Conseil D\u00e9partementalnous vous pr\u00e9sentonsLE BLUTACK THE\u00c2TRE dansZA\u00cf ZA\u00cf ZA\u00cf ZA\u00cf A Campan \u00e0&#8230;<\/p>\n","protected":false},"author":1,"featured_media":0,"parent":0,"menu_order":0,"comment_status":"closed","ping_status":"closed","template":"","meta":{"footnotes":""},"class_list":["post-39","page","type-page","status-publish","hentry"],"_links":{"self":[{"href":"https:\/\/maynats.org\/index.php?rest_route=\/wp\/v2\/pages\/39","targetHints":{"allow":["GET"]}}],"collection":[{"href":"https:\/\/maynats.org\/index.php?rest_route=\/wp\/v2\/pages"}],"about":[{"href":"https:\/\/maynats.org\/index.php?rest_route=\/wp\/v2\/types\/page"}],"author":[{"embeddable":true,"href":"https:\/\/maynats.org\/index.php?rest_route=\/wp\/v2\/users\/1"}],"replies":[{"embeddable":true,"href":"https:\/\/maynats.org\/index.php?rest_route=%2Fwp%2Fv2%2Fcomments&post=39"}],"version-history":[{"count":30,"href":"https:\/\/maynats.org\/index.php?rest_route=\/wp\/v2\/pages\/39\/revisions"}],"predecessor-version":[{"id":1350,"href":"https:\/\/maynats.org\/index.php?rest_route=\/wp\/v2\/pages\/39\/revisions\/1350"}],"wp:attachment":[{"href":"https:\/\/maynats.org\/index.php?rest_route=%2Fwp%2Fv2%2Fmedia&parent=39"}],"curies":[{"name":"wp","href":"https:\/\/api.w.org\/{rel}","templated":true}]}}