{"id":574,"date":"2019-01-07T21:20:46","date_gmt":"2019-01-07T20:20:46","guid":{"rendered":"http:\/\/maynats.org\/?page_id=574"},"modified":"2026-01-29T18:43:23","modified_gmt":"2026-01-29T17:43:23","slug":"adhesion","status":"publish","type":"page","link":"https:\/\/maynats.org\/?page_id=574","title":{"rendered":"Adh\u00e9sion"},"content":{"rendered":"<div>\n<h2 style=\"text-align: center;\"><i>Vous nous suivez !<\/i><\/h2>\n<h2 style=\"text-align: center;\"><i>Vous nous aimez !<\/i><\/h2>\n<h2 style=\"text-align: center;\"><i>Vous adh\u00e9rez !<\/i><\/h2>\n<\/div>\n<div>\n<div><span style=\"font-size: 16px;\">Votre adh\u00e9sion est&nbsp; non seulement un soutien moral &amp; financier mais elle vous permet \u00e9galement de b\u00e9n\u00e9ficier tout au long de l&rsquo;ann\u00e9e d&rsquo;un tarif pr\u00e9f\u00e9rentiel lors de nos spectacles \u00ab\u00a0tout public\u00a0\u00bb.<\/span><\/div>\n<\/div>\n\n\n<p>Vous pouvez adh\u00e9rer :<\/p>\n\n\n\n<ul class=\"wp-block-list\">\n<li>en imprimant le bulletin ci-dessous, puis soit vous nous l&rsquo;apportez soit vous l&rsquo;envoyez par la poste accompagn\u00e9 de votre cotisation ;<\/li>\n\n\n\n<li>en ligne, via le formulaire ci-dessous.<\/li>\n<\/ul>\n\n\n\n<h2 class=\"wp-block-heading has-text-align-center\">Adh\u00e9sion en imprimant le bulletin <\/h2>\n\n\n\n<p class=\"has-text-align-center\"><mark style=\"background-color:#f1f1f1\" class=\"has-inline-color\">Pour adh\u00e9rer de cette mani\u00e8re, veuillez imprimer le pdf suivant<br>et nous le renvoyer par email avec votre cotisation :<\/mark><\/p>\n\n\n\n<div data-wp-interactive=\"core\/file\" class=\"wp-block-file\"><object data-wp-bind--hidden=\"!state.hasPdfPreview\" hidden class=\"wp-block-file__embed\" data=\"https:\/\/maynats.org\/wp-content\/uploads\/2026\/01\/bulletin-avec-recu-2026-1.pdf\" type=\"application\/pdf\" style=\"width:100%;height:600px\" aria-label=\"Contenu embarqu\u00e9 bulletin avec rec\u0327u 2026.\"><\/object><a id=\"wp-block-file--media-e3694371-b437-49a6-ba03-73327ed7d5d1\" href=\"https:\/\/maynats.org\/wp-content\/uploads\/2026\/01\/bulletin-avec-recu-2026-1.pdf\">bulletin avec rec\u0327u 2026<\/a><a href=\"https:\/\/maynats.org\/wp-content\/uploads\/2026\/01\/bulletin-avec-recu-2026-1.pdf\" class=\"wp-block-file__button wp-element-button\" download aria-describedby=\"wp-block-file--media-e3694371-b437-49a6-ba03-73327ed7d5d1\">T\u00e9l\u00e9charger<\/a><\/div>\n","protected":false},"excerpt":{"rendered":"<p>Vous nous suivez ! Vous nous aimez ! Vous adh\u00e9rez ! Votre adh\u00e9sion est&nbsp; non seulement un soutien moral &amp;&#8230;<\/p>\n","protected":false},"author":1,"featured_media":0,"parent":0,"menu_order":0,"comment_status":"closed","ping_status":"closed","template":"","meta":{"footnotes":""},"class_list":["post-574","page","type-page","status-publish","hentry"],"_links":{"self":[{"href":"https:\/\/maynats.org\/index.php?rest_route=\/wp\/v2\/pages\/574","targetHints":{"allow":["GET"]}}],"collection":[{"href":"https:\/\/maynats.org\/index.php?rest_route=\/wp\/v2\/pages"}],"about":[{"href":"https:\/\/maynats.org\/index.php?rest_route=\/wp\/v2\/types\/page"}],"author":[{"embeddable":true,"href":"https:\/\/maynats.org\/index.php?rest_route=\/wp\/v2\/users\/1"}],"replies":[{"embeddable":true,"href":"https:\/\/maynats.org\/index.php?rest_route=%2Fwp%2Fv2%2Fcomments&post=574"}],"version-history":[{"count":28,"href":"https:\/\/maynats.org\/index.php?rest_route=\/wp\/v2\/pages\/574\/revisions"}],"predecessor-version":[{"id":2134,"href":"https:\/\/maynats.org\/index.php?rest_route=\/wp\/v2\/pages\/574\/revisions\/2134"}],"wp:attachment":[{"href":"https:\/\/maynats.org\/index.php?rest_route=%2Fwp%2Fv2%2Fmedia&parent=574"}],"curies":[{"name":"wp","href":"https:\/\/api.w.org\/{rel}","templated":true}]}}